{"id":190,"date":"2023-01-19T12:13:31","date_gmt":"2023-01-19T11:13:31","guid":{"rendered":"https:\/\/www.mdrhformation.fr\/?page_id=190"},"modified":"2025-09-15T11:20:02","modified_gmt":"2025-09-15T09:20:02","slug":"mdrh-formation-parthenay-79","status":"publish","type":"page","link":"https:\/\/www.mdrhformation.fr\/?page_id=190","title":{"rendered":"Parthenay (79)"},"content":{"rendered":"\n<p><\/p>\n\n\n\n<div id=\"wp-block-themeisle-blocks-advanced-columns-a2946a77\" class=\"wp-block-themeisle-blocks-advanced-columns alignfull has-2-columns has-desktop-equal-layout has-tablet-equal-layout has-mobile-collapsedRows-layout has-vertical-center ticss-a2946a77 has-light-bg\"><div class=\"wp-block-themeisle-blocks-advanced-columns-overlay\"><\/div><div class=\"innerblocks-wrap\">\n<div id=\"wp-block-themeisle-blocks-advanced-column-bbddf55b\" class=\"wp-block-themeisle-blocks-advanced-column\"><div class=\"wp-block-image\">\n<figure class=\"aligncenter size-full\"><img fetchpriority=\"high\" decoding=\"async\" width=\"500\" height=\"500\" src=\"https:\/\/www.mdrhformation.fr\/wp-content\/uploads\/2025\/08\/parthenay-1.png\" alt=\"\" class=\"wp-image-7660\"\/><\/figure>\n<\/div><\/div>\n\n\n\n<div id=\"wp-block-themeisle-blocks-advanced-column-92b2db05\" class=\"wp-block-themeisle-blocks-advanced-column\">\n<h2 id=\"wp-block-themeisle-blocks-advanced-heading-8f1f2647\" class=\"wp-block-themeisle-blocks-advanced-heading wp-block-themeisle-blocks-advanced-heading-8f1f2647\"><strong>Deux-S\u00e8vres<\/strong><\/h2>\n\n\n\n<p class=\"has-text-align-center has-text-color has-medium-font-size\" style=\"color:#176063\"><strong>Notre si\u00e8ge social se situe :<\/strong><br><br><strong>34 avenue Victor Hugo <\/strong><br><strong>79200 PARTHENAY<\/strong> <\/p>\n\n\n\n<div class=\"wp-block-buttons is-layout-flex wp-block-buttons-is-layout-flex\"><\/div>\n<\/div>\n<\/div><\/div>\n\n\n\t\t\t<div \n\t\t\tclass=\"wp-block-uagb-google-map uagb-google-map__wrap uagb-block-c51f3dad     \"\n\t\t\tstyle=\"\" >\n\t\t\t\t<embed\n\t\t\t\t\tclass=\"uagb-google-map__iframe\"\n\t\t\t\t\ttitle=\"Carte Google pour \"\n\t\t\t\t\tsrc=\"https:\/\/maps.google.com\/maps?q=24%20Boulevard%20Victor%20Hugo%2079200%20Parthenay&#038;z=12&#038;hl=fr&#038;t=m&#038;output=embed&#038;iwloc=near\"\n\t\t\t\t\twidth=\"640\"\n\t\t\t\t\theight=\"300\"\n\t\t\t\t\tloading=\"lazy\"\n\t\t\t\t><\/embed>\n\t\t\t<\/div>\n\t\t\t\n\n\n<p><\/p>\n\n\n\n<div id=\"section-g198a37\" class=\"wp-block-gutentor-e6 section-g198a37 gutentor-element gutentor-element-image\"><div class=\"gutentor-element-image-box\"><div class=\"gutentor-image-thumb\"><img decoding=\"async\" class=\"normal-image lazyload\" data-src=\"https:\/\/www.mdrhformation.fr\/wp-content\/uploads\/2024\/02\/791.png\" src=\"data:image\/svg+xml;base64,PHN2ZyB3aWR0aD0iMSIgaGVpZ2h0PSIxIiB4bWxucz0iaHR0cDovL3d3dy53My5vcmcvMjAwMC9zdmciPjwvc3ZnPg==\" style=\"--smush-placeholder-width: 1920px; --smush-placeholder-aspect-ratio: 1920\/1080;\" \/><\/div><\/div><\/div>\n\n\n\n<p><\/p>\n\n\n\n<div id=\"section-ge95e8b\" class=\"wp-block-gutentor-e6 section-ge95e8b gutentor-element gutentor-element-image\"><div class=\"gutentor-element-image-box\"><div class=\"gutentor-image-thumb\"><img decoding=\"async\" class=\"normal-image lazyload\" data-src=\"https:\/\/www.mdrhformation.fr\/wp-content\/uploads\/2024\/02\/792.png\" src=\"data:image\/svg+xml;base64,PHN2ZyB3aWR0aD0iMSIgaGVpZ2h0PSIxIiB4bWxucz0iaHR0cDovL3d3dy53My5vcmcvMjAwMC9zdmciPjwvc3ZnPg==\" style=\"--smush-placeholder-width: 1920px; --smush-placeholder-aspect-ratio: 1920\/1080;\" \/><\/div><\/div><\/div>\n\n\n\n<p class=\"has-colibri-color-5-background-color has-background\"><\/p>\n\n\n<div class=\"yoast-breadcrumbs\"><span><span><a href=\"https:\/\/www.mdrhformation.fr\/\">Accueil<\/a><\/span> \u00bb <span class=\"breadcrumb_last\" aria-current=\"page\">Parthenay (79)<\/span><\/span><\/div>\n\n\n<div id=\"section-gc664c9\" class=\"wp-block-gutentor-e6 section-gc664c9 gutentor-element gutentor-element-image text-align-center-desktop\"><div class=\"gutentor-element-image-box\"><a class=\"gutentor-element-image-link\" href=\"https:\/\/www.mdrhformation.fr\/?page_id=202(ouvre un nouvel onglet)\" target=\"_blank\" rel=\" noopener noreferrer\"><div class=\"gutentor-image-thumb\"><img decoding=\"async\" class=\"normal-image lazyload\" data-src=\"https:\/\/www.mdrhformation.fr\/wp-content\/uploads\/2025\/07\/contactez-nous-1024x341.png\" alt=\"contactez nous\" src=\"data:image\/svg+xml;base64,PHN2ZyB3aWR0aD0iMSIgaGVpZ2h0PSIxIiB4bWxucz0iaHR0cDovL3d3dy53My5vcmcvMjAwMC9zdmciPjwvc3ZnPg==\" style=\"--smush-placeholder-width: 1024px; --smush-placeholder-aspect-ratio: 1024\/341;\" \/><\/div><\/a><\/div><\/div>\n\n\n\t\t\t\t<div class=\"wp-block-uagb-table-of-contents uagb-toc__align-left uagb-toc__columns-1  uagb-block-f4e293e1      \"\n\t\t\t\t\tdata-scroll= \"1\"\n\t\t\t\t\tdata-offset= \"30\"\n\t\t\t\t\tstyle=\"\"\n\t\t\t\t>\n\t\t\t\t<div class=\"uagb-toc__wrap\">\n\t\t\t\t\t\t<div class=\"uagb-toc__title\">\n\t\t\t\t\t\t\tTable des mati\u00e8res\t\t\t\t\t\t<\/div>\n\t\t\t\t\t\t\t\t\t\t\t\t\t\t\t\t\t\t\t\t\t\t<div class=\"uagb-toc__list-wrap \">\n\t\t\t\t\t\t<ol class=\"uagb-toc__list\"><li class=\"uagb-toc__list\"><a href=\"#deux-s\u00e8vres\" class=\"uagb-toc-link__trigger\">Deux-S\u00e8vres<\/a><\/ol>\t\t\t\t\t<\/div>\n\t\t\t\t\t\t\t\t\t<\/div>\n\t\t\t\t<\/div>\n\t\t\t\n\n<div class=\"is-default-size aligncenter wp-block-site-logo\"><a href=\"https:\/\/www.mdrhformation.fr\/\" class=\"custom-logo-link\" rel=\"home\"><img decoding=\"async\" width=\"1000\" height=\"1000\" data-src=\"https:\/\/www.mdrhformation.fr\/wp-content\/uploads\/2023\/02\/LOGO-nu.png\" class=\"custom-logo lazyload\" alt=\"Mdrh formation \" data-srcset=\"https:\/\/www.mdrhformation.fr\/wp-content\/uploads\/2023\/02\/LOGO-nu.png 1000w, https:\/\/www.mdrhformation.fr\/wp-content\/uploads\/2023\/02\/LOGO-nu-300x300.png 300w, https:\/\/www.mdrhformation.fr\/wp-content\/uploads\/2023\/02\/LOGO-nu-150x150.png 150w, https:\/\/www.mdrhformation.fr\/wp-content\/uploads\/2023\/02\/LOGO-nu-768x768.png 768w\" data-sizes=\"(max-width: 1000px) 100vw, 1000px\" src=\"data:image\/svg+xml;base64,PHN2ZyB3aWR0aD0iMSIgaGVpZ2h0PSIxIiB4bWxucz0iaHR0cDovL3d3dy53My5vcmcvMjAwMC9zdmciPjwvc3ZnPg==\" style=\"--smush-placeholder-width: 1000px; --smush-placeholder-aspect-ratio: 1000\/1000;\" \/><\/a><\/div>\n\n\n<section id=\"wp-block-themeisle-blocks-advanced-columns-6013fee3\" class=\"wp-block-themeisle-blocks-advanced-columns alignfull has-1-columns has-desktop-equal-layout has-tablet-equal-layout has-mobile-collapsedRows-layout has-vertical-flex-start has-light-bg\"><div class=\"wp-block-themeisle-blocks-advanced-columns-overlay\"><\/div><div class=\"innerblocks-wrap\">\n<div id=\"wp-block-themeisle-blocks-advanced-column-ea6d1956\" class=\"wp-block-themeisle-blocks-advanced-column\"><div class=\"wp-block-image\">\n<figure class=\"aligncenter size-full is-resized\"><img decoding=\"async\" width=\"2160\" height=\"1920\" data-src=\"https:\/\/www.mdrhformation.fr\/wp-content\/uploads\/2025\/08\/ren-art.png\" alt=\"\" class=\"wp-image-7676 lazyload\" style=\"--smush-placeholder-width: 2160px; --smush-placeholder-aspect-ratio: 2160\/1920;width:180px\" data-srcset=\"https:\/\/www.mdrhformation.fr\/wp-content\/uploads\/2025\/08\/ren-art.png 2160w, https:\/\/www.mdrhformation.fr\/wp-content\/uploads\/2025\/08\/ren-art-300x267.png 300w, https:\/\/www.mdrhformation.fr\/wp-content\/uploads\/2025\/08\/ren-art-1024x910.png 1024w, https:\/\/www.mdrhformation.fr\/wp-content\/uploads\/2025\/08\/ren-art-768x683.png 768w, https:\/\/www.mdrhformation.fr\/wp-content\/uploads\/2025\/08\/ren-art-100x89.png 100w\" data-sizes=\"(max-width: 2160px) 100vw, 2160px\" src=\"data:image\/svg+xml;base64,PHN2ZyB3aWR0aD0iMSIgaGVpZ2h0PSIxIiB4bWxucz0iaHR0cDovL3d3dy53My5vcmcvMjAwMC9zdmciPjwvc3ZnPg==\" \/><\/figure>\n<\/div>\n\n\n<div style=\"height:16px\" aria-hidden=\"true\" class=\"wp-block-spacer\"><\/div>\n\n\n\n<p class=\"has-text-align-center has-text-color has-link-color wp-elements-0cb035aff6667f7aa1786d8587254fb7\" style=\"color:#2e3433\"><strong>Site propuls\u00e9 par Ren&rsquo;Art Cr\u00e9acom<\/strong><\/p>\n\n\n\n<div id=\"wp-block-themeisle-blocks-advanced-heading-c9f4aea0\" class=\"wp-block-themeisle-blocks-advanced-heading wp-block-themeisle-blocks-advanced-heading-c9f4aea0\"><strong><a href=\"http:\/\/www.ren-art.fr\">www.ren-art.fr<\/a><\/strong><\/div>\n<\/div>\n<\/div><\/section>\n","protected":false},"excerpt":{"rendered":"","protected":false},"author":2,"featured_media":0,"parent":0,"menu_order":0,"comment_status":"closed","ping_status":"closed","template":"","meta":{"_eb_attr":"","_uag_custom_page_level_css":"","advgb_blocks_editor_width":"","advgb_blocks_columns_visual_guide":"","_themeisle_gutenberg_block_has_review":false,"footnotes":""},"class_list":["post-190","page","type-page","status-publish","hentry"],"featured_image_src":null,"yoast_head":"<!-- This site is optimized with the Yoast SEO plugin v27.5 - https:\/\/yoast.com\/product\/yoast-seo-wordpress\/ -->\n<title>Parthenay (79) - Mdrh formation<\/title>\n<meta name=\"description\" content=\"Mdrh formation dispose d&#039;une salle de formation accueillant jusqu&#039;\u00e0 20 personnes et un bureau individuel formation et bilan de comp\u00e9tences\" \/>\n<meta name=\"robots\" content=\"index, follow, max-snippet:-1, max-image-preview:large, max-video-preview:-1\" \/>\n<link rel=\"canonical\" href=\"https:\/\/www.mdrhformation.fr\/?page_id=190\" \/>\n<meta property=\"og:locale\" content=\"fr_FR\" \/>\n<meta property=\"og:type\" content=\"article\" \/>\n<meta property=\"og:title\" content=\"Parthenay (79) - Mdrh formation\" \/>\n<meta property=\"og:description\" content=\"Mdrh formation dispose d&#039;une salle de formation accueillant jusqu&#039;\u00e0 20 personnes et un bureau individuel formation et bilan de comp\u00e9tences\" \/>\n<meta property=\"og:url\" content=\"https:\/\/www.mdrhformation.fr\/?page_id=190\" \/>\n<meta property=\"og:site_name\" content=\"Mdrh formation\" \/>\n<meta property=\"article:modified_time\" content=\"2025-09-15T09:20:02+00:00\" \/>\n<meta property=\"og:image\" content=\"https:\/\/www.mdrhformation.fr\/wp-content\/uploads\/2025\/08\/parthenay-1.png\" \/>\n\t<meta property=\"og:image:width\" content=\"500\" \/>\n\t<meta property=\"og:image:height\" content=\"500\" \/>\n\t<meta property=\"og:image:type\" content=\"image\/png\" \/>\n<meta name=\"twitter:card\" content=\"summary_large_image\" \/>\n<meta name=\"twitter:label1\" content=\"Dur\u00e9e de lecture estim\u00e9e\" \/>\n\t<meta name=\"twitter:data1\" content=\"2 minutes\" \/>\n<script type=\"application\/ld+json\" class=\"yoast-schema-graph\">{\"@context\":\"https:\\\/\\\/schema.org\",\"@graph\":[{\"@type\":\"WebPage\",\"@id\":\"https:\\\/\\\/www.mdrhformation.fr\\\/?page_id=190\",\"url\":\"https:\\\/\\\/www.mdrhformation.fr\\\/?page_id=190\",\"name\":\"Parthenay (79) - Mdrh formation\",\"isPartOf\":{\"@id\":\"https:\\\/\\\/www.mdrhformation.fr\\\/#website\"},\"primaryImageOfPage\":{\"@id\":\"https:\\\/\\\/www.mdrhformation.fr\\\/?page_id=190#primaryimage\"},\"image\":{\"@id\":\"https:\\\/\\\/www.mdrhformation.fr\\\/?page_id=190#primaryimage\"},\"thumbnailUrl\":\"https:\\\/\\\/www.mdrhformation.fr\\\/wp-content\\\/uploads\\\/2025\\\/08\\\/parthenay-1.png\",\"datePublished\":\"2023-01-19T11:13:31+00:00\",\"dateModified\":\"2025-09-15T09:20:02+00:00\",\"description\":\"Mdrh formation dispose d'une salle de formation accueillant jusqu'\u00e0 20 personnes et un bureau individuel formation et bilan de comp\u00e9tences\",\"breadcrumb\":{\"@id\":\"https:\\\/\\\/www.mdrhformation.fr\\\/?page_id=190#breadcrumb\"},\"inLanguage\":\"fr-FR\",\"potentialAction\":[{\"@type\":\"ReadAction\",\"target\":[\"https:\\\/\\\/www.mdrhformation.fr\\\/?page_id=190\"]}]},{\"@type\":\"ImageObject\",\"inLanguage\":\"fr-FR\",\"@id\":\"https:\\\/\\\/www.mdrhformation.fr\\\/?page_id=190#primaryimage\",\"url\":\"https:\\\/\\\/www.mdrhformation.fr\\\/wp-content\\\/uploads\\\/2025\\\/08\\\/parthenay-1.png\",\"contentUrl\":\"https:\\\/\\\/www.mdrhformation.fr\\\/wp-content\\\/uploads\\\/2025\\\/08\\\/parthenay-1.png\",\"width\":500,\"height\":500},{\"@type\":\"BreadcrumbList\",\"@id\":\"https:\\\/\\\/www.mdrhformation.fr\\\/?page_id=190#breadcrumb\",\"itemListElement\":[{\"@type\":\"ListItem\",\"position\":1,\"name\":\"Accueil\",\"item\":\"https:\\\/\\\/www.mdrhformation.fr\\\/\"},{\"@type\":\"ListItem\",\"position\":2,\"name\":\"Parthenay (79)\"}]},{\"@type\":\"WebSite\",\"@id\":\"https:\\\/\\\/www.mdrhformation.fr\\\/#website\",\"url\":\"https:\\\/\\\/www.mdrhformation.fr\\\/\",\"name\":\"www.mdrhformation.fr\",\"description\":\"L&#039;innovation au c\u0153ur de la formation\",\"publisher\":{\"@id\":\"https:\\\/\\\/www.mdrhformation.fr\\\/#organization\"},\"potentialAction\":[{\"@type\":\"SearchAction\",\"target\":{\"@type\":\"EntryPoint\",\"urlTemplate\":\"https:\\\/\\\/www.mdrhformation.fr\\\/?s={search_term_string}\"},\"query-input\":{\"@type\":\"PropertyValueSpecification\",\"valueRequired\":true,\"valueName\":\"search_term_string\"}}],\"inLanguage\":\"fr-FR\"},{\"@type\":\"Organization\",\"@id\":\"https:\\\/\\\/www.mdrhformation.fr\\\/#organization\",\"name\":\"mdrh formation\",\"url\":\"https:\\\/\\\/www.mdrhformation.fr\\\/\",\"logo\":{\"@type\":\"ImageObject\",\"inLanguage\":\"fr-FR\",\"@id\":\"https:\\\/\\\/www.mdrhformation.fr\\\/#\\\/schema\\\/logo\\\/image\\\/\",\"url\":\"https:\\\/\\\/www.mdrhformation.fr\\\/wp-content\\\/uploads\\\/2023\\\/02\\\/LOGO-nu.png\",\"contentUrl\":\"https:\\\/\\\/www.mdrhformation.fr\\\/wp-content\\\/uploads\\\/2023\\\/02\\\/LOGO-nu.png\",\"width\":1000,\"height\":1000,\"caption\":\"mdrh formation\"},\"image\":{\"@id\":\"https:\\\/\\\/www.mdrhformation.fr\\\/#\\\/schema\\\/logo\\\/image\\\/\"},\"sameAs\":[\"https:\\\/\\\/www.linkedin.com\\\/company\\\/mdrh-formation\\\/?viewAsMember=true\"]}]}<\/script>\n<!-- \/ Yoast SEO plugin. -->","yoast_head_json":{"title":"Parthenay (79) - Mdrh formation","description":"Mdrh formation dispose d'une salle de formation accueillant jusqu'\u00e0 20 personnes et un bureau individuel formation et bilan de comp\u00e9tences","robots":{"index":"index","follow":"follow","max-snippet":"max-snippet:-1","max-image-preview":"max-image-preview:large","max-video-preview":"max-video-preview:-1"},"canonical":"https:\/\/www.mdrhformation.fr\/?page_id=190","og_locale":"fr_FR","og_type":"article","og_title":"Parthenay (79) - Mdrh formation","og_description":"Mdrh formation dispose d'une salle de formation accueillant jusqu'\u00e0 20 personnes et un bureau individuel formation et bilan de comp\u00e9tences","og_url":"https:\/\/www.mdrhformation.fr\/?page_id=190","og_site_name":"Mdrh formation","article_modified_time":"2025-09-15T09:20:02+00:00","og_image":[{"width":500,"height":500,"url":"https:\/\/www.mdrhformation.fr\/wp-content\/uploads\/2025\/08\/parthenay-1.png","type":"image\/png"}],"twitter_card":"summary_large_image","twitter_misc":{"Dur\u00e9e de lecture estim\u00e9e":"2 minutes"},"schema":{"@context":"https:\/\/schema.org","@graph":[{"@type":"WebPage","@id":"https:\/\/www.mdrhformation.fr\/?page_id=190","url":"https:\/\/www.mdrhformation.fr\/?page_id=190","name":"Parthenay (79) - Mdrh formation","isPartOf":{"@id":"https:\/\/www.mdrhformation.fr\/#website"},"primaryImageOfPage":{"@id":"https:\/\/www.mdrhformation.fr\/?page_id=190#primaryimage"},"image":{"@id":"https:\/\/www.mdrhformation.fr\/?page_id=190#primaryimage"},"thumbnailUrl":"https:\/\/www.mdrhformation.fr\/wp-content\/uploads\/2025\/08\/parthenay-1.png","datePublished":"2023-01-19T11:13:31+00:00","dateModified":"2025-09-15T09:20:02+00:00","description":"Mdrh formation dispose d'une salle de formation accueillant jusqu'\u00e0 20 personnes et un bureau individuel formation et bilan de comp\u00e9tences","breadcrumb":{"@id":"https:\/\/www.mdrhformation.fr\/?page_id=190#breadcrumb"},"inLanguage":"fr-FR","potentialAction":[{"@type":"ReadAction","target":["https:\/\/www.mdrhformation.fr\/?page_id=190"]}]},{"@type":"ImageObject","inLanguage":"fr-FR","@id":"https:\/\/www.mdrhformation.fr\/?page_id=190#primaryimage","url":"https:\/\/www.mdrhformation.fr\/wp-content\/uploads\/2025\/08\/parthenay-1.png","contentUrl":"https:\/\/www.mdrhformation.fr\/wp-content\/uploads\/2025\/08\/parthenay-1.png","width":500,"height":500},{"@type":"BreadcrumbList","@id":"https:\/\/www.mdrhformation.fr\/?page_id=190#breadcrumb","itemListElement":[{"@type":"ListItem","position":1,"name":"Accueil","item":"https:\/\/www.mdrhformation.fr\/"},{"@type":"ListItem","position":2,"name":"Parthenay (79)"}]},{"@type":"WebSite","@id":"https:\/\/www.mdrhformation.fr\/#website","url":"https:\/\/www.mdrhformation.fr\/","name":"www.mdrhformation.fr","description":"L&#039;innovation au c\u0153ur de la formation","publisher":{"@id":"https:\/\/www.mdrhformation.fr\/#organization"},"potentialAction":[{"@type":"SearchAction","target":{"@type":"EntryPoint","urlTemplate":"https:\/\/www.mdrhformation.fr\/?s={search_term_string}"},"query-input":{"@type":"PropertyValueSpecification","valueRequired":true,"valueName":"search_term_string"}}],"inLanguage":"fr-FR"},{"@type":"Organization","@id":"https:\/\/www.mdrhformation.fr\/#organization","name":"mdrh formation","url":"https:\/\/www.mdrhformation.fr\/","logo":{"@type":"ImageObject","inLanguage":"fr-FR","@id":"https:\/\/www.mdrhformation.fr\/#\/schema\/logo\/image\/","url":"https:\/\/www.mdrhformation.fr\/wp-content\/uploads\/2023\/02\/LOGO-nu.png","contentUrl":"https:\/\/www.mdrhformation.fr\/wp-content\/uploads\/2023\/02\/LOGO-nu.png","width":1000,"height":1000,"caption":"mdrh formation"},"image":{"@id":"https:\/\/www.mdrhformation.fr\/#\/schema\/logo\/image\/"},"sameAs":["https:\/\/www.linkedin.com\/company\/mdrh-formation\/?viewAsMember=true"]}]}},"uagb_featured_image_src":{"full":false,"thumbnail":false,"medium":false,"medium_large":false,"large":false,"RoboGalleryMansoryImagesCenter":false,"RoboGalleryPreload":false,"1536x1536":false,"2048x2048":false,"wptouch-new-thumbnail":false},"uagb_author_info":{"display_name":"mdrhformation@ddsama.fr","author_link":"https:\/\/www.mdrhformation.fr\/?author=2"},"uagb_comment_info":0,"uagb_excerpt":null,"coauthors":[],"author_meta":{"author_link":"https:\/\/www.mdrhformation.fr\/?author=2","display_name":"mdrhformation@ddsama.fr"},"relative_dates":{"created":"Publi\u00e9 3 ans il y a","modified":"Mis \u00e0 jour 8 mois il y a"},"absolute_dates":{"created":"Publi\u00e9 le 19 janvier 2023","modified":"Mise \u00e0 jour le 15 septembre 2025"},"absolute_dates_time":{"created":"Publi\u00e9 le 19 janvier 2023 12h13","modified":"Mise \u00e0 jour le 15 septembre 2025 11h20"},"featured_img_caption":"","featured_img":false,"series_order":"","_links":{"self":[{"href":"https:\/\/www.mdrhformation.fr\/index.php?rest_route=\/wp\/v2\/pages\/190","targetHints":{"allow":["GET"]}}],"collection":[{"href":"https:\/\/www.mdrhformation.fr\/index.php?rest_route=\/wp\/v2\/pages"}],"about":[{"href":"https:\/\/www.mdrhformation.fr\/index.php?rest_route=\/wp\/v2\/types\/page"}],"author":[{"embeddable":true,"href":"https:\/\/www.mdrhformation.fr\/index.php?rest_route=\/wp\/v2\/users\/2"}],"replies":[{"embeddable":true,"href":"https:\/\/www.mdrhformation.fr\/index.php?rest_route=%2Fwp%2Fv2%2Fcomments&post=190"}],"version-history":[{"count":0,"href":"https:\/\/www.mdrhformation.fr\/index.php?rest_route=\/wp\/v2\/pages\/190\/revisions"}],"wp:attachment":[{"href":"https:\/\/www.mdrhformation.fr\/index.php?rest_route=%2Fwp%2Fv2%2Fmedia&parent=190"}],"curies":[{"name":"wp","href":"https:\/\/api.w.org\/{rel}","templated":true}]}}