{"id":234,"date":"2023-01-19T12:23:10","date_gmt":"2023-01-19T11:23:10","guid":{"rendered":"https:\/\/www.mdrhformation.fr\/?page_id=234"},"modified":"2025-08-11T18:27:23","modified_gmt":"2025-08-11T16:27:23","slug":"mentions-legales-mdrh-formation","status":"publish","type":"page","link":"https:\/\/www.mdrhformation.fr\/?page_id=234","title":{"rendered":"Mentions l\u00e9gales"},"content":{"rendered":"\n<div id=\"section-ga2527b\" class=\"wp-block-gutentor-e1 section-ga2527b gutentor-element gutentor-element-advanced-text text-align-center-desktop\"><div class=\"gutentor-text-wrap\"><h1 class=\"gutentor-text\">Mentions l\u00e9gales Mdrh FORMATION<\/h1><\/div><\/div>\n\n\n\n<section id=\"gmc30a91b\" class=\"wp-block-gutentor-m0 section-gmc30a91b gutentor-module gutentor-module-carousel gutentor-slick-a-default-desktop gutentor-slick-a-default-tablet gutentor-slick-a-default-mobile\"><div class=\"grid-container\"><div class=\"gutentor-module-carousel-row\" data-dots=\"false\" data-dotstablet=\"false\" data-dotsmobile=\"false\" data-arrows=\"true\" data-arrowstablet=\"true\" data-arrowsmobile=\"true\" data-infinite=\"true\" data-autoplay=\"false\" data-draggable=\"true\" data-pauseonfocus=\"true\" data-pauseonhover=\"true\" data-autoplayspeed=\"3000\" data-cmondesktop=\"false\" data-cmontablet=\"false\" data-cmonmobile=\"false\" data-nextarrow=\"fas fa-angle-right\" data-prevarrow=\"fas fa-angle-left\" data-arrowspositiondesktop=\"gutentor-slick-a-default-desktop\" data-arrowspositiontablet=\"gutentor-slick-a-default-tablet\" data-arrowspositionmobile=\"gutentor-slick-a-default-mobile\" data-speed=\"300\" data-slideitemdesktop=\"3\" data-slideitemtablet=\"3\" data-slideitemmobile=\"2\" data-slidescroll-desktop=\"3\" data-slidescroll-tablet=\"3\" data-slidescroll-mobile=\"2\">\n<div id=\"col-gmb48934\" class=\"wp-block-gutentor-m0-col col-gmb48934 gutentor-carousel-item\"><div id=\"section-gmb48934\" class=\"section-gmb48934 gutentor-col-wrap\">\n<div id=\"section-g16a263\" class=\"wp-block-gutentor-e6 section-g16a263 gutentor-element gutentor-element-image\"><div class=\"gutentor-element-image-box\"><a class=\"gutentor-element-image-link\" href=\"https:\/\/www.mdrhformation.fr\/wp-content\/uploads\/2024\/04\/MENTIONS-LEGALES-16-04.pdf\" target=\"_blank\" rel=\" noopener noreferrer\"><div class=\"gutentor-image-thumb\"><img decoding=\"async\" class=\"normal-image lazyload\" data-src=\"https:\/\/www.mdrhformation.fr\/wp-content\/uploads\/2024\/04\/MENTIONS-LEGALES-p1.png\" alt=\"Mdrh formation MENTIONS LEGALES p1\" data-srcset=\"https:\/\/www.mdrhformation.fr\/wp-content\/uploads\/2023\/01\/1.png 2x\" src=\"data:image\/svg+xml;base64,PHN2ZyB3aWR0aD0iMSIgaGVpZ2h0PSIxIiB4bWxucz0iaHR0cDovL3d3dy53My5vcmcvMjAwMC9zdmciPjwvc3ZnPg==\" \/><\/div><\/a><\/div><\/div>\n<\/div><\/div>\n\n\n\n<div id=\"col-gmc417cb\" class=\"wp-block-gutentor-m0-col col-gmc417cb gutentor-carousel-item\"><div id=\"section-gmc417cb\" class=\"section-gmc417cb gutentor-col-wrap\">\n<div id=\"section-gfb7332\" class=\"wp-block-gutentor-e6 section-gfb7332 gutentor-element gutentor-element-image\"><div class=\"gutentor-element-image-box\"><a class=\"gutentor-element-image-link\" href=\"https:\/\/www.mdrhformation.fr\/wp-content\/uploads\/2024\/04\/MENTIONS-LEGALES-16-04.pdf\" target=\"_blank\" rel=\" noopener noreferrer\"><div class=\"gutentor-image-thumb\"><img decoding=\"async\" class=\"normal-image lazyload\" data-src=\"https:\/\/www.mdrhformation.fr\/wp-content\/uploads\/2024\/04\/MENTIONS-LEGALES-p2.png\" alt=\"Mdrh formation MENTIONS LEGALES p2\" src=\"data:image\/svg+xml;base64,PHN2ZyB3aWR0aD0iMSIgaGVpZ2h0PSIxIiB4bWxucz0iaHR0cDovL3d3dy53My5vcmcvMjAwMC9zdmciPjwvc3ZnPg==\" \/><\/div><\/a><\/div><\/div>\n<\/div><\/div>\n\n\n\n<div id=\"col-gm0566b2\" class=\"wp-block-gutentor-m0-col col-gm0566b2 gutentor-carousel-item\"><div id=\"section-gm0566b2\" class=\"section-gm0566b2 gutentor-col-wrap\">\n<div id=\"section-g0c9b48\" class=\"wp-block-gutentor-e6 section-g0c9b48 gutentor-element gutentor-element-image\"><div class=\"gutentor-element-image-box\"><a class=\"gutentor-element-image-link\" href=\"https:\/\/www.mdrhformation.fr\/wp-content\/uploads\/2024\/04\/MENTIONS-LEGALES-16-04.pdf\" target=\"_blank\" rel=\" noopener noreferrer\"><div class=\"gutentor-image-thumb\"><img decoding=\"async\" class=\"normal-image lazyload\" data-src=\"https:\/\/www.mdrhformation.fr\/wp-content\/uploads\/2024\/04\/MENTIONS-LEGALES-P3.1.png\" alt=\"Mdrh formation MENTIONS LEGALES p3\" src=\"data:image\/svg+xml;base64,PHN2ZyB3aWR0aD0iMSIgaGVpZ2h0PSIxIiB4bWxucz0iaHR0cDovL3d3dy53My5vcmcvMjAwMC9zdmciPjwvc3ZnPg==\" \/><\/div><\/a><\/div><\/div>\n<\/div><\/div>\n<\/div><\/div><\/section>\n\n\n<div class=\"yoast-breadcrumbs\"><span><span><a href=\"https:\/\/www.mdrhformation.fr\/\">Accueil<\/a><\/span> \u00bb <span class=\"breadcrumb_last\" aria-current=\"page\">Mentions l\u00e9gales<\/span><\/span><\/div>\n\n<div class=\"is-default-size aligncenter wp-block-site-logo\"><a href=\"https:\/\/www.mdrhformation.fr\/\" class=\"custom-logo-link\" rel=\"home\"><img fetchpriority=\"high\" decoding=\"async\" width=\"1000\" height=\"1000\" src=\"https:\/\/www.mdrhformation.fr\/wp-content\/uploads\/2023\/02\/LOGO-nu.png\" class=\"custom-logo\" alt=\"Mdrh formation \" srcset=\"https:\/\/www.mdrhformation.fr\/wp-content\/uploads\/2023\/02\/LOGO-nu.png 1000w, https:\/\/www.mdrhformation.fr\/wp-content\/uploads\/2023\/02\/LOGO-nu-300x300.png 300w, https:\/\/www.mdrhformation.fr\/wp-content\/uploads\/2023\/02\/LOGO-nu-150x150.png 150w, https:\/\/www.mdrhformation.fr\/wp-content\/uploads\/2023\/02\/LOGO-nu-768x768.png 768w\" sizes=\"(max-width: 1000px) 100vw, 1000px\" \/><\/a><\/div>\n\n\n<p class=\"has-text-align-center has-text-color has-link-color wp-elements-c5a5a74ba39cf2aefaac5a6390e27d54\" style=\"color:#176063\"><strong><a href=\"https:\/\/www.mdrhformation.fr\/?page_id=237(ouvre un nouvel onglet)\" target=\"_blank\" rel=\"noreferrer noopener\">CGV<\/a><\/strong>&nbsp;&#8211;&nbsp;<strong><a href=\"https:\/\/www.mdrhformation.fr\/wp-content\/uploads\/2024\/02\/V1_-AF-REGLEMENT-INTERIEUR-STAGIAIRE.pdf\" target=\"_blank\" rel=\"noreferrer noopener\">R\u00e8glement Int\u00e9rieur<\/a><\/strong>&nbsp;&#8211;&nbsp;<strong><a href=\"https:\/\/www.mdrhformation.fr\/?page_id=3(ouvre un nouvel onglet)\" target=\"_blank\" rel=\"noreferrer noopener\">Confidentialit\u00e9<\/a><\/strong>&nbsp;&#8211;&nbsp;<strong><a href=\"https:\/\/www.mdrhformation.fr\/?page_id=234(ouvre un nouvel onglet)\" target=\"_blank\" rel=\"noreferrer noopener\">Mentions L\u00e9gales<\/a><\/strong> &#8211; <strong><a href=\"https:\/\/www.mdrhformation.fr\/wp-content\/uploads\/2024\/02\/Charte-deontologique-MDRHFORMATION.pdf\">Charte d\u00e9ontologique Mdrh Formation<\/a><\/strong> &#8211; <strong><a href=\"https:\/\/www.mdrhformation.fr\/wp-content\/uploads\/2024\/02\/Design-sans-titre.png\">Cer<\/a><a href=\"https:\/\/www.mdrhformation.fr\/wp-content\/uploads\/2024\/02\/Design-sans-titre.png\" target=\"_blank\" rel=\"noreferrer noopener\">tification Qualiopi<\/a><\/strong><\/p>\n","protected":false},"excerpt":{"rendered":"<p>CGV&nbsp;&#8211;&nbsp;R\u00e8glement Int\u00e9rieur&nbsp;&#8211;&nbsp;Confidentialit\u00e9&nbsp;&#8211;&nbsp;Mentions L\u00e9gales &#8211; Charte d\u00e9ontologique Mdrh Formation &#8211; Certification Qualiopi<\/p>\n","protected":false},"author":2,"featured_media":0,"parent":0,"menu_order":0,"comment_status":"closed","ping_status":"closed","template":"","meta":{"_eb_attr":"","_uag_custom_page_level_css":"","advgb_blocks_editor_width":"","advgb_blocks_columns_visual_guide":"","_themeisle_gutenberg_block_has_review":false,"footnotes":""},"class_list":["post-234","page","type-page","status-publish","hentry"],"featured_image_src":null,"yoast_head":"<!-- This site is optimized with the Yoast SEO plugin v27.3 - https:\/\/yoast.com\/product\/yoast-seo-wordpress\/ -->\n<title>Mentions l\u00e9gales - Mdrh formation<\/title>\n<meta name=\"description\" content=\"mdrh formation pr\u00e9sente ses mentions l\u00e9gales respectant les obligations inh\u00e9rentes protection des donn\u00e9es protection intellectuelle formation\" \/>\n<meta name=\"robots\" content=\"index, follow, max-snippet:-1, max-image-preview:large, max-video-preview:-1\" \/>\n<link rel=\"canonical\" href=\"https:\/\/www.mdrhformation.fr\/?page_id=234\" \/>\n<meta property=\"og:locale\" content=\"fr_FR\" \/>\n<meta property=\"og:type\" content=\"article\" \/>\n<meta property=\"og:title\" content=\"Mentions l\u00e9gales - Mdrh formation\" \/>\n<meta property=\"og:description\" content=\"mdrh formation pr\u00e9sente ses mentions l\u00e9gales respectant les obligations inh\u00e9rentes protection des donn\u00e9es protection intellectuelle formation\" \/>\n<meta property=\"og:url\" content=\"https:\/\/www.mdrhformation.fr\/?page_id=234\" \/>\n<meta property=\"og:site_name\" content=\"Mdrh formation\" \/>\n<meta property=\"article:modified_time\" content=\"2025-08-11T16:27:23+00:00\" \/>\n<meta property=\"og:image\" content=\"https:\/\/www.mdrhformation.fr\/wp-content\/uploads\/2024\/04\/MENTIONS-LEGALES-p1.png\" \/>\n<meta name=\"twitter:card\" content=\"summary_large_image\" \/>\n<meta name=\"twitter:label1\" content=\"Dur\u00e9e de lecture estim\u00e9e\" \/>\n\t<meta name=\"twitter:data1\" content=\"1 minute\" \/>\n<script type=\"application\/ld+json\" class=\"yoast-schema-graph\">{\"@context\":\"https:\\\/\\\/schema.org\",\"@graph\":[{\"@type\":\"WebPage\",\"@id\":\"https:\\\/\\\/www.mdrhformation.fr\\\/?page_id=234\",\"url\":\"https:\\\/\\\/www.mdrhformation.fr\\\/?page_id=234\",\"name\":\"Mentions l\u00e9gales - Mdrh formation\",\"isPartOf\":{\"@id\":\"https:\\\/\\\/www.mdrhformation.fr\\\/#website\"},\"primaryImageOfPage\":{\"@id\":\"https:\\\/\\\/www.mdrhformation.fr\\\/?page_id=234#primaryimage\"},\"image\":{\"@id\":\"https:\\\/\\\/www.mdrhformation.fr\\\/?page_id=234#primaryimage\"},\"thumbnailUrl\":\"https:\\\/\\\/www.mdrhformation.fr\\\/wp-content\\\/uploads\\\/2024\\\/04\\\/MENTIONS-LEGALES-p1.png\",\"datePublished\":\"2023-01-19T11:23:10+00:00\",\"dateModified\":\"2025-08-11T16:27:23+00:00\",\"description\":\"mdrh formation pr\u00e9sente ses mentions l\u00e9gales respectant les obligations inh\u00e9rentes protection des donn\u00e9es protection intellectuelle formation\",\"breadcrumb\":{\"@id\":\"https:\\\/\\\/www.mdrhformation.fr\\\/?page_id=234#breadcrumb\"},\"inLanguage\":\"fr-FR\",\"potentialAction\":[{\"@type\":\"ReadAction\",\"target\":[\"https:\\\/\\\/www.mdrhformation.fr\\\/?page_id=234\"]}]},{\"@type\":\"ImageObject\",\"inLanguage\":\"fr-FR\",\"@id\":\"https:\\\/\\\/www.mdrhformation.fr\\\/?page_id=234#primaryimage\",\"url\":\"\",\"contentUrl\":\"\"},{\"@type\":\"BreadcrumbList\",\"@id\":\"https:\\\/\\\/www.mdrhformation.fr\\\/?page_id=234#breadcrumb\",\"itemListElement\":[{\"@type\":\"ListItem\",\"position\":1,\"name\":\"Accueil\",\"item\":\"https:\\\/\\\/www.mdrhformation.fr\\\/\"},{\"@type\":\"ListItem\",\"position\":2,\"name\":\"Mentions l\u00e9gales\"}]},{\"@type\":\"WebSite\",\"@id\":\"https:\\\/\\\/www.mdrhformation.fr\\\/#website\",\"url\":\"https:\\\/\\\/www.mdrhformation.fr\\\/\",\"name\":\"www.mdrhformation.fr\",\"description\":\"L&#039;innovation au c\u0153ur de la formation\",\"publisher\":{\"@id\":\"https:\\\/\\\/www.mdrhformation.fr\\\/#organization\"},\"potentialAction\":[{\"@type\":\"SearchAction\",\"target\":{\"@type\":\"EntryPoint\",\"urlTemplate\":\"https:\\\/\\\/www.mdrhformation.fr\\\/?s={search_term_string}\"},\"query-input\":{\"@type\":\"PropertyValueSpecification\",\"valueRequired\":true,\"valueName\":\"search_term_string\"}}],\"inLanguage\":\"fr-FR\"},{\"@type\":\"Organization\",\"@id\":\"https:\\\/\\\/www.mdrhformation.fr\\\/#organization\",\"name\":\"mdrh formation\",\"url\":\"https:\\\/\\\/www.mdrhformation.fr\\\/\",\"logo\":{\"@type\":\"ImageObject\",\"inLanguage\":\"fr-FR\",\"@id\":\"https:\\\/\\\/www.mdrhformation.fr\\\/#\\\/schema\\\/logo\\\/image\\\/\",\"url\":\"https:\\\/\\\/www.mdrhformation.fr\\\/wp-content\\\/uploads\\\/2023\\\/02\\\/LOGO-nu.png\",\"contentUrl\":\"https:\\\/\\\/www.mdrhformation.fr\\\/wp-content\\\/uploads\\\/2023\\\/02\\\/LOGO-nu.png\",\"width\":1000,\"height\":1000,\"caption\":\"mdrh formation\"},\"image\":{\"@id\":\"https:\\\/\\\/www.mdrhformation.fr\\\/#\\\/schema\\\/logo\\\/image\\\/\"},\"sameAs\":[\"https:\\\/\\\/www.linkedin.com\\\/company\\\/mdrh-formation\\\/?viewAsMember=true\"]}]}<\/script>\n<!-- \/ Yoast SEO plugin. -->","yoast_head_json":{"title":"Mentions l\u00e9gales - Mdrh formation","description":"mdrh formation pr\u00e9sente ses mentions l\u00e9gales respectant les obligations inh\u00e9rentes protection des donn\u00e9es protection intellectuelle formation","robots":{"index":"index","follow":"follow","max-snippet":"max-snippet:-1","max-image-preview":"max-image-preview:large","max-video-preview":"max-video-preview:-1"},"canonical":"https:\/\/www.mdrhformation.fr\/?page_id=234","og_locale":"fr_FR","og_type":"article","og_title":"Mentions l\u00e9gales - Mdrh formation","og_description":"mdrh formation pr\u00e9sente ses mentions l\u00e9gales respectant les obligations inh\u00e9rentes protection des donn\u00e9es protection intellectuelle formation","og_url":"https:\/\/www.mdrhformation.fr\/?page_id=234","og_site_name":"Mdrh formation","article_modified_time":"2025-08-11T16:27:23+00:00","og_image":[{"url":"https:\/\/www.mdrhformation.fr\/wp-content\/uploads\/2024\/04\/MENTIONS-LEGALES-p1.png","type":"","width":"","height":""}],"twitter_card":"summary_large_image","twitter_misc":{"Dur\u00e9e de lecture estim\u00e9e":"1 minute"},"schema":{"@context":"https:\/\/schema.org","@graph":[{"@type":"WebPage","@id":"https:\/\/www.mdrhformation.fr\/?page_id=234","url":"https:\/\/www.mdrhformation.fr\/?page_id=234","name":"Mentions l\u00e9gales - Mdrh formation","isPartOf":{"@id":"https:\/\/www.mdrhformation.fr\/#website"},"primaryImageOfPage":{"@id":"https:\/\/www.mdrhformation.fr\/?page_id=234#primaryimage"},"image":{"@id":"https:\/\/www.mdrhformation.fr\/?page_id=234#primaryimage"},"thumbnailUrl":"https:\/\/www.mdrhformation.fr\/wp-content\/uploads\/2024\/04\/MENTIONS-LEGALES-p1.png","datePublished":"2023-01-19T11:23:10+00:00","dateModified":"2025-08-11T16:27:23+00:00","description":"mdrh formation pr\u00e9sente ses mentions l\u00e9gales respectant les obligations inh\u00e9rentes protection des donn\u00e9es protection intellectuelle formation","breadcrumb":{"@id":"https:\/\/www.mdrhformation.fr\/?page_id=234#breadcrumb"},"inLanguage":"fr-FR","potentialAction":[{"@type":"ReadAction","target":["https:\/\/www.mdrhformation.fr\/?page_id=234"]}]},{"@type":"ImageObject","inLanguage":"fr-FR","@id":"https:\/\/www.mdrhformation.fr\/?page_id=234#primaryimage","url":"","contentUrl":""},{"@type":"BreadcrumbList","@id":"https:\/\/www.mdrhformation.fr\/?page_id=234#breadcrumb","itemListElement":[{"@type":"ListItem","position":1,"name":"Accueil","item":"https:\/\/www.mdrhformation.fr\/"},{"@type":"ListItem","position":2,"name":"Mentions l\u00e9gales"}]},{"@type":"WebSite","@id":"https:\/\/www.mdrhformation.fr\/#website","url":"https:\/\/www.mdrhformation.fr\/","name":"www.mdrhformation.fr","description":"L&#039;innovation au c\u0153ur de la formation","publisher":{"@id":"https:\/\/www.mdrhformation.fr\/#organization"},"potentialAction":[{"@type":"SearchAction","target":{"@type":"EntryPoint","urlTemplate":"https:\/\/www.mdrhformation.fr\/?s={search_term_string}"},"query-input":{"@type":"PropertyValueSpecification","valueRequired":true,"valueName":"search_term_string"}}],"inLanguage":"fr-FR"},{"@type":"Organization","@id":"https:\/\/www.mdrhformation.fr\/#organization","name":"mdrh formation","url":"https:\/\/www.mdrhformation.fr\/","logo":{"@type":"ImageObject","inLanguage":"fr-FR","@id":"https:\/\/www.mdrhformation.fr\/#\/schema\/logo\/image\/","url":"https:\/\/www.mdrhformation.fr\/wp-content\/uploads\/2023\/02\/LOGO-nu.png","contentUrl":"https:\/\/www.mdrhformation.fr\/wp-content\/uploads\/2023\/02\/LOGO-nu.png","width":1000,"height":1000,"caption":"mdrh formation"},"image":{"@id":"https:\/\/www.mdrhformation.fr\/#\/schema\/logo\/image\/"},"sameAs":["https:\/\/www.linkedin.com\/company\/mdrh-formation\/?viewAsMember=true"]}]}},"uagb_featured_image_src":{"full":false,"thumbnail":false,"medium":false,"medium_large":false,"large":false,"RoboGalleryMansoryImagesCenter":false,"RoboGalleryPreload":false,"1536x1536":false,"2048x2048":false,"wptouch-new-thumbnail":false},"uagb_author_info":{"display_name":"mdrhformation@ddsama.fr","author_link":"https:\/\/www.mdrhformation.fr\/?author=2"},"uagb_comment_info":0,"uagb_excerpt":"CGV&nbsp;&#8211;&nbsp;R\u00e8glement Int\u00e9rieur&nbsp;&#8211;&nbsp;Confidentialit\u00e9&nbsp;&#8211;&nbsp;Mentions L\u00e9gales &#8211; Charte d\u00e9ontologique Mdrh Formation &#8211; Certification Qualiopi","coauthors":[],"author_meta":{"author_link":"https:\/\/www.mdrhformation.fr\/?author=2","display_name":"mdrhformation@ddsama.fr"},"relative_dates":{"created":"Publi\u00e9 3 ans il y a","modified":"Mis \u00e0 jour 8 mois il y a"},"absolute_dates":{"created":"Publi\u00e9 le 19 janvier 2023","modified":"Mise \u00e0 jour le 11 ao\u00fbt 2025"},"absolute_dates_time":{"created":"Publi\u00e9 le 19 janvier 2023 12h23","modified":"Mise \u00e0 jour le 11 ao\u00fbt 2025 18h27"},"featured_img_caption":"","featured_img":false,"series_order":"","_links":{"self":[{"href":"https:\/\/www.mdrhformation.fr\/index.php?rest_route=\/wp\/v2\/pages\/234","targetHints":{"allow":["GET"]}}],"collection":[{"href":"https:\/\/www.mdrhformation.fr\/index.php?rest_route=\/wp\/v2\/pages"}],"about":[{"href":"https:\/\/www.mdrhformation.fr\/index.php?rest_route=\/wp\/v2\/types\/page"}],"author":[{"embeddable":true,"href":"https:\/\/www.mdrhformation.fr\/index.php?rest_route=\/wp\/v2\/users\/2"}],"replies":[{"embeddable":true,"href":"https:\/\/www.mdrhformation.fr\/index.php?rest_route=%2Fwp%2Fv2%2Fcomments&post=234"}],"version-history":[{"count":0,"href":"https:\/\/www.mdrhformation.fr\/index.php?rest_route=\/wp\/v2\/pages\/234\/revisions"}],"wp:attachment":[{"href":"https:\/\/www.mdrhformation.fr\/index.php?rest_route=%2Fwp%2Fv2%2Fmedia&parent=234"}],"curies":[{"name":"wp","href":"https:\/\/api.w.org\/{rel}","templated":true}]}}