{"id":240,"date":"2023-01-19T12:23:41","date_gmt":"2023-01-19T11:23:41","guid":{"rendered":"https:\/\/www.mdrhformation.fr\/?page_id=240"},"modified":"2025-09-15T10:52:40","modified_gmt":"2025-09-15T08:52:40","slug":"veilles","status":"publish","type":"page","link":"https:\/\/www.mdrhformation.fr\/?page_id=240","title":{"rendered":"Veilles"},"content":{"rendered":"\n<p class=\"has-text-align-center has-text-color has-link-color has-large-font-size wp-elements-3a29c9c5c58979c757e2a4248dde8898\" style=\"color:#176063\"><strong>Suivez l&rsquo;actualit\u00e9 r\u00e9glementaire, p\u00e9dagogique, technologique.<\/strong><\/p>\n\n\n\n<p class=\"has-colibri-color-5-background-color has-background\"><\/p>\n\n\n\n<div class=\"wp-block-essential-blocks-dual-button  root-eb-button-group-j6yya\"><div class=\"eb-parent-wrapper eb-parent-eb-button-group-j6yya \"><div class=\"eb-button-group-wrapper eb-button-group-j6yya button-1\" data-id=\"eb-button-group-j6yya\"><div class=\"eb-button-inner-wrapper \"><a class=\"eb-button-anchor eb-button-one\" href=\"https:\/\/padlet.com\/MH_Darchy\/2025_01-forma-flash-janvier-2025-qualiopi-indicateurs-23-25-rfj1ei2u4tu7hj7a\" target=\"_blank\" rel=\"noopener\"><div class=\"eb-button-text eb-button-one-text\">Veilles formations Mensuelles<\/div><\/a><\/div><div class=\"eb-button-group__midldeInner\"><span><span class=\"dashicon dashicons dashicons-admin-links\"><\/span><\/span><\/div><div class=\"eb-button-inner-wrapper \"><a class=\"eb-button-anchor eb-button-two\" href=\"https:\/\/padlet.com\/MH_Darchy\/forma-flash-historique-v9yxf7m645nisggl\" target=\"_blank\" rel=\"noopener\"><div class=\"eb-button-text eb-button-two-text\">Veilles Formations Historique<\/div><\/a><\/div><\/div><\/div><\/div>\n\n\n\n<p class=\"has-colibri-color-5-background-color has-background\"><\/p>\n\n\n\n<div id=\"section-g-wek5elg\" class=\"wp-block-gutentor-e6 section-g-wek5elg gutentor-element gutentor-element-image\"><div class=\"gutentor-element-image-box\"><div class=\"gutentor-image-thumb\"><img decoding=\"async\" class=\"normal-image lazyload\" data-src=\"https:\/\/www.mdrhformation.fr\/wp-content\/uploads\/2025\/02\/Design-sans-titre2.jpg\" alt=\"Suivez l'actualit\u00e9 r\u00e9glementaire, p\u00e9dagogique, technologique.\" src=\"data:image\/svg+xml;base64,PHN2ZyB3aWR0aD0iMSIgaGVpZ2h0PSIxIiB4bWxucz0iaHR0cDovL3d3dy53My5vcmcvMjAwMC9zdmciPjwvc3ZnPg==\" \/><\/div><\/div><\/div>\n\n\n\n<p class=\"has-colibri-color-5-background-color has-background\"><\/p>\n\n\n\n<p><\/p>\n\n\n\n<p><\/p>\n\n\n\n<div id=\"section-g259332\" class=\"wp-block-gutentor-e6 section-g259332 gutentor-element gutentor-element-image text-align-center-desktop\"><div class=\"gutentor-element-image-box\"><a class=\"gutentor-element-image-link\" href=\"https:\/\/www.mdrhformation.fr\/?page_id=202(ouvre un nouvel onglet)\" target=\"_blank\" rel=\" noopener noreferrer\"><div class=\"gutentor-image-thumb\"><img decoding=\"async\" class=\"normal-image lazyload\" data-src=\"https:\/\/www.mdrhformation.fr\/wp-content\/uploads\/2024\/02\/contact2.gif\" src=\"data:image\/svg+xml;base64,PHN2ZyB3aWR0aD0iMSIgaGVpZ2h0PSIxIiB4bWxucz0iaHR0cDovL3d3dy53My5vcmcvMjAwMC9zdmciPjwvc3ZnPg==\" \/><\/div><\/a><\/div><\/div>\n\n\n\n<ul class=\"wp-block-social-links is-content-justification-center is-layout-flex wp-container-core-social-links-is-layout-16018d1d wp-block-social-links-is-layout-flex\"><li class=\"wp-social-link wp-social-link-linkedin  wp-block-social-link\"><a href=\"https:\/\/www.linkedin.com\/company\/91672406\/admin\/\" class=\"wp-block-social-link-anchor\"><svg width=\"24\" height=\"24\" viewBox=\"0 0 24 24\" version=\"1.1\" xmlns=\"http:\/\/www.w3.org\/2000\/svg\" aria-hidden=\"true\" focusable=\"false\"><path d=\"M19.7,3H4.3C3.582,3,3,3.582,3,4.3v15.4C3,20.418,3.582,21,4.3,21h15.4c0.718,0,1.3-0.582,1.3-1.3V4.3 C21,3.582,20.418,3,19.7,3z M8.339,18.338H5.667v-8.59h2.672V18.338z M7.004,8.574c-0.857,0-1.549-0.694-1.549-1.548 c0-0.855,0.691-1.548,1.549-1.548c0.854,0,1.547,0.694,1.547,1.548C8.551,7.881,7.858,8.574,7.004,8.574z M18.339,18.338h-2.669 v-4.177c0-0.996-0.017-2.278-1.387-2.278c-1.389,0-1.601,1.086-1.601,2.206v4.249h-2.667v-8.59h2.559v1.174h0.037 c0.356-0.675,1.227-1.387,2.526-1.387c2.703,0,3.203,1.779,3.203,4.092V18.338z\"><\/path><\/svg><span class=\"wp-block-social-link-label screen-reader-text\">LinkedIn<\/span><\/a><\/li>\n\n<li class=\"wp-social-link wp-social-link-facebook  wp-block-social-link\"><a href=\"https:\/\/www.facebook.com\/Mdrhformation\" class=\"wp-block-social-link-anchor\"><svg width=\"24\" height=\"24\" viewBox=\"0 0 24 24\" version=\"1.1\" xmlns=\"http:\/\/www.w3.org\/2000\/svg\" aria-hidden=\"true\" focusable=\"false\"><path d=\"M12 2C6.5 2 2 6.5 2 12c0 5 3.7 9.1 8.4 9.9v-7H7.9V12h2.5V9.8c0-2.5 1.5-3.9 3.8-3.9 1.1 0 2.2.2 2.2.2v2.5h-1.3c-1.2 0-1.6.8-1.6 1.6V12h2.8l-.4 2.9h-2.3v7C18.3 21.1 22 17 22 12c0-5.5-4.5-10-10-10z\"><\/path><\/svg><span class=\"wp-block-social-link-label screen-reader-text\">Facebook<\/span><\/a><\/li><\/ul>\n\n\n<div class=\"is-default-size aligncenter wp-block-site-logo\"><a href=\"https:\/\/www.mdrhformation.fr\/\" class=\"custom-logo-link\" rel=\"home\"><img fetchpriority=\"high\" decoding=\"async\" width=\"1000\" height=\"1000\" src=\"https:\/\/www.mdrhformation.fr\/wp-content\/uploads\/2023\/02\/LOGO-nu.png\" class=\"custom-logo\" alt=\"Mdrh formation \" srcset=\"https:\/\/www.mdrhformation.fr\/wp-content\/uploads\/2023\/02\/LOGO-nu.png 1000w, https:\/\/www.mdrhformation.fr\/wp-content\/uploads\/2023\/02\/LOGO-nu-300x300.png 300w, https:\/\/www.mdrhformation.fr\/wp-content\/uploads\/2023\/02\/LOGO-nu-150x150.png 150w, https:\/\/www.mdrhformation.fr\/wp-content\/uploads\/2023\/02\/LOGO-nu-768x768.png 768w\" sizes=\"(max-width: 1000px) 100vw, 1000px\" \/><\/a><\/div>\n\n\t\t\t\t<div class=\"wp-block-uagb-table-of-contents uagb-toc__align-left uagb-toc__columns-1  uagb-block-6d7a3aa4      \"\n\t\t\t\t\tdata-scroll= \"1\"\n\t\t\t\t\tdata-offset= \"30\"\n\t\t\t\t\tstyle=\"\"\n\t\t\t\t>\n\t\t\t\t<div class=\"uagb-toc__wrap\">\n\t\t\t\t\t\t<div class=\"uagb-toc__title\">\n\t\t\t\t\t\t\tTable des mati\u00e8res\t\t\t\t\t\t<\/div>\n\t\t\t\t\t\t\t\t\t\t\t\t\t\t\t\t\t\t\t\t\t\t\t<p class='uagb_table-of-contents-placeholder'>\n\t\t\t\t\t\tAjoutez un titre pour commencer la g\u00e9n\u00e9ration de la table des mati\u00e8res\t\t\t\t\t\t<\/p>\n\t\t\t\t\t\t\t\t\t<\/div>\n\t\t\t\t<\/div>\n\t\t\t\n\n<div class=\"yoast-breadcrumbs\"><span><span><a href=\"https:\/\/www.mdrhformation.fr\/\">Accueil<\/a><\/span> \u00bb <span class=\"breadcrumb_last\" aria-current=\"page\">Veilles<\/span><\/span><\/div>\n\n\n<p><\/p>\n","protected":false},"excerpt":{"rendered":"<p>Suivez l&rsquo;actualit\u00e9 r\u00e9glementaire, p\u00e9dagogique, technologique.<\/p>\n","protected":false},"author":2,"featured_media":0,"parent":0,"menu_order":0,"comment_status":"closed","ping_status":"closed","template":"","meta":{"_eb_attr":"","_uag_custom_page_level_css":"","advgb_blocks_editor_width":"","advgb_blocks_columns_visual_guide":"","_themeisle_gutenberg_block_has_review":false,"footnotes":""},"class_list":["post-240","page","type-page","status-publish","hentry"],"featured_image_src":null,"yoast_head":"<!-- This site is optimized with the Yoast SEO plugin v27.3 - https:\/\/yoast.com\/product\/yoast-seo-wordpress\/ -->\n<title>Veilles - Mdrh formation<\/title>\n<meta name=\"robots\" content=\"index, follow, max-snippet:-1, max-image-preview:large, max-video-preview:-1\" \/>\n<link rel=\"canonical\" href=\"https:\/\/www.mdrhformation.fr\/?page_id=240\" \/>\n<meta property=\"og:locale\" content=\"fr_FR\" \/>\n<meta property=\"og:type\" content=\"article\" \/>\n<meta property=\"og:title\" content=\"Veilles - Mdrh formation\" \/>\n<meta property=\"og:description\" content=\"Suivez l&rsquo;actualit\u00e9 r\u00e9glementaire, p\u00e9dagogique, technologique.\" \/>\n<meta property=\"og:url\" content=\"https:\/\/www.mdrhformation.fr\/?page_id=240\" \/>\n<meta property=\"og:site_name\" content=\"Mdrh formation\" \/>\n<meta property=\"article:modified_time\" content=\"2025-09-15T08:52:40+00:00\" \/>\n<meta property=\"og:image\" content=\"https:\/\/www.mdrhformation.fr\/wp-content\/uploads\/2025\/02\/Design-sans-titre2.jpg\" \/>\n<meta name=\"twitter:card\" content=\"summary_large_image\" \/>\n<meta name=\"twitter:label1\" content=\"Dur\u00e9e de lecture estim\u00e9e\" \/>\n\t<meta name=\"twitter:data1\" content=\"1 minute\" \/>\n<script type=\"application\/ld+json\" class=\"yoast-schema-graph\">{\"@context\":\"https:\\\/\\\/schema.org\",\"@graph\":[{\"@type\":\"WebPage\",\"@id\":\"https:\\\/\\\/www.mdrhformation.fr\\\/?page_id=240\",\"url\":\"https:\\\/\\\/www.mdrhformation.fr\\\/?page_id=240\",\"name\":\"Veilles - Mdrh formation\",\"isPartOf\":{\"@id\":\"https:\\\/\\\/www.mdrhformation.fr\\\/#website\"},\"primaryImageOfPage\":{\"@id\":\"https:\\\/\\\/www.mdrhformation.fr\\\/?page_id=240#primaryimage\"},\"image\":{\"@id\":\"https:\\\/\\\/www.mdrhformation.fr\\\/?page_id=240#primaryimage\"},\"thumbnailUrl\":\"https:\\\/\\\/www.mdrhformation.fr\\\/wp-content\\\/uploads\\\/2025\\\/02\\\/Design-sans-titre2.jpg\",\"datePublished\":\"2023-01-19T11:23:41+00:00\",\"dateModified\":\"2025-09-15T08:52:40+00:00\",\"breadcrumb\":{\"@id\":\"https:\\\/\\\/www.mdrhformation.fr\\\/?page_id=240#breadcrumb\"},\"inLanguage\":\"fr-FR\",\"potentialAction\":[{\"@type\":\"ReadAction\",\"target\":[\"https:\\\/\\\/www.mdrhformation.fr\\\/?page_id=240\"]}]},{\"@type\":\"ImageObject\",\"inLanguage\":\"fr-FR\",\"@id\":\"https:\\\/\\\/www.mdrhformation.fr\\\/?page_id=240#primaryimage\",\"url\":\"\",\"contentUrl\":\"\"},{\"@type\":\"BreadcrumbList\",\"@id\":\"https:\\\/\\\/www.mdrhformation.fr\\\/?page_id=240#breadcrumb\",\"itemListElement\":[{\"@type\":\"ListItem\",\"position\":1,\"name\":\"Accueil\",\"item\":\"https:\\\/\\\/www.mdrhformation.fr\\\/\"},{\"@type\":\"ListItem\",\"position\":2,\"name\":\"Veilles\"}]},{\"@type\":\"WebSite\",\"@id\":\"https:\\\/\\\/www.mdrhformation.fr\\\/#website\",\"url\":\"https:\\\/\\\/www.mdrhformation.fr\\\/\",\"name\":\"www.mdrhformation.fr\",\"description\":\"L&#039;innovation au c\u0153ur de la formation\",\"publisher\":{\"@id\":\"https:\\\/\\\/www.mdrhformation.fr\\\/#organization\"},\"potentialAction\":[{\"@type\":\"SearchAction\",\"target\":{\"@type\":\"EntryPoint\",\"urlTemplate\":\"https:\\\/\\\/www.mdrhformation.fr\\\/?s={search_term_string}\"},\"query-input\":{\"@type\":\"PropertyValueSpecification\",\"valueRequired\":true,\"valueName\":\"search_term_string\"}}],\"inLanguage\":\"fr-FR\"},{\"@type\":\"Organization\",\"@id\":\"https:\\\/\\\/www.mdrhformation.fr\\\/#organization\",\"name\":\"mdrh formation\",\"url\":\"https:\\\/\\\/www.mdrhformation.fr\\\/\",\"logo\":{\"@type\":\"ImageObject\",\"inLanguage\":\"fr-FR\",\"@id\":\"https:\\\/\\\/www.mdrhformation.fr\\\/#\\\/schema\\\/logo\\\/image\\\/\",\"url\":\"https:\\\/\\\/www.mdrhformation.fr\\\/wp-content\\\/uploads\\\/2023\\\/02\\\/LOGO-nu.png\",\"contentUrl\":\"https:\\\/\\\/www.mdrhformation.fr\\\/wp-content\\\/uploads\\\/2023\\\/02\\\/LOGO-nu.png\",\"width\":1000,\"height\":1000,\"caption\":\"mdrh formation\"},\"image\":{\"@id\":\"https:\\\/\\\/www.mdrhformation.fr\\\/#\\\/schema\\\/logo\\\/image\\\/\"},\"sameAs\":[\"https:\\\/\\\/www.linkedin.com\\\/company\\\/mdrh-formation\\\/?viewAsMember=true\"]}]}<\/script>\n<!-- \/ Yoast SEO plugin. -->","yoast_head_json":{"title":"Veilles - Mdrh formation","robots":{"index":"index","follow":"follow","max-snippet":"max-snippet:-1","max-image-preview":"max-image-preview:large","max-video-preview":"max-video-preview:-1"},"canonical":"https:\/\/www.mdrhformation.fr\/?page_id=240","og_locale":"fr_FR","og_type":"article","og_title":"Veilles - Mdrh formation","og_description":"Suivez l&rsquo;actualit\u00e9 r\u00e9glementaire, p\u00e9dagogique, technologique.","og_url":"https:\/\/www.mdrhformation.fr\/?page_id=240","og_site_name":"Mdrh formation","article_modified_time":"2025-09-15T08:52:40+00:00","og_image":[{"url":"https:\/\/www.mdrhformation.fr\/wp-content\/uploads\/2025\/02\/Design-sans-titre2.jpg","type":"","width":"","height":""}],"twitter_card":"summary_large_image","twitter_misc":{"Dur\u00e9e de lecture estim\u00e9e":"1 minute"},"schema":{"@context":"https:\/\/schema.org","@graph":[{"@type":"WebPage","@id":"https:\/\/www.mdrhformation.fr\/?page_id=240","url":"https:\/\/www.mdrhformation.fr\/?page_id=240","name":"Veilles - Mdrh formation","isPartOf":{"@id":"https:\/\/www.mdrhformation.fr\/#website"},"primaryImageOfPage":{"@id":"https:\/\/www.mdrhformation.fr\/?page_id=240#primaryimage"},"image":{"@id":"https:\/\/www.mdrhformation.fr\/?page_id=240#primaryimage"},"thumbnailUrl":"https:\/\/www.mdrhformation.fr\/wp-content\/uploads\/2025\/02\/Design-sans-titre2.jpg","datePublished":"2023-01-19T11:23:41+00:00","dateModified":"2025-09-15T08:52:40+00:00","breadcrumb":{"@id":"https:\/\/www.mdrhformation.fr\/?page_id=240#breadcrumb"},"inLanguage":"fr-FR","potentialAction":[{"@type":"ReadAction","target":["https:\/\/www.mdrhformation.fr\/?page_id=240"]}]},{"@type":"ImageObject","inLanguage":"fr-FR","@id":"https:\/\/www.mdrhformation.fr\/?page_id=240#primaryimage","url":"","contentUrl":""},{"@type":"BreadcrumbList","@id":"https:\/\/www.mdrhformation.fr\/?page_id=240#breadcrumb","itemListElement":[{"@type":"ListItem","position":1,"name":"Accueil","item":"https:\/\/www.mdrhformation.fr\/"},{"@type":"ListItem","position":2,"name":"Veilles"}]},{"@type":"WebSite","@id":"https:\/\/www.mdrhformation.fr\/#website","url":"https:\/\/www.mdrhformation.fr\/","name":"www.mdrhformation.fr","description":"L&#039;innovation au c\u0153ur de la formation","publisher":{"@id":"https:\/\/www.mdrhformation.fr\/#organization"},"potentialAction":[{"@type":"SearchAction","target":{"@type":"EntryPoint","urlTemplate":"https:\/\/www.mdrhformation.fr\/?s={search_term_string}"},"query-input":{"@type":"PropertyValueSpecification","valueRequired":true,"valueName":"search_term_string"}}],"inLanguage":"fr-FR"},{"@type":"Organization","@id":"https:\/\/www.mdrhformation.fr\/#organization","name":"mdrh formation","url":"https:\/\/www.mdrhformation.fr\/","logo":{"@type":"ImageObject","inLanguage":"fr-FR","@id":"https:\/\/www.mdrhformation.fr\/#\/schema\/logo\/image\/","url":"https:\/\/www.mdrhformation.fr\/wp-content\/uploads\/2023\/02\/LOGO-nu.png","contentUrl":"https:\/\/www.mdrhformation.fr\/wp-content\/uploads\/2023\/02\/LOGO-nu.png","width":1000,"height":1000,"caption":"mdrh formation"},"image":{"@id":"https:\/\/www.mdrhformation.fr\/#\/schema\/logo\/image\/"},"sameAs":["https:\/\/www.linkedin.com\/company\/mdrh-formation\/?viewAsMember=true"]}]}},"uagb_featured_image_src":{"full":false,"thumbnail":false,"medium":false,"medium_large":false,"large":false,"RoboGalleryMansoryImagesCenter":false,"RoboGalleryPreload":false,"1536x1536":false,"2048x2048":false,"wptouch-new-thumbnail":false},"uagb_author_info":{"display_name":"mdrhformation@ddsama.fr","author_link":"https:\/\/www.mdrhformation.fr\/?author=2"},"uagb_comment_info":0,"uagb_excerpt":"Suivez l&rsquo;actualit\u00e9 r\u00e9glementaire, p\u00e9dagogique, technologique.","coauthors":[],"author_meta":{"author_link":"https:\/\/www.mdrhformation.fr\/?author=2","display_name":"mdrhformation@ddsama.fr"},"relative_dates":{"created":"Publi\u00e9 3 ans il y a","modified":"Mis \u00e0 jour 7 mois il y a"},"absolute_dates":{"created":"Publi\u00e9 le 19 janvier 2023","modified":"Mise \u00e0 jour le 15 septembre 2025"},"absolute_dates_time":{"created":"Publi\u00e9 le 19 janvier 2023 12h23","modified":"Mise \u00e0 jour le 15 septembre 2025 10h52"},"featured_img_caption":"","featured_img":false,"series_order":"","_links":{"self":[{"href":"https:\/\/www.mdrhformation.fr\/index.php?rest_route=\/wp\/v2\/pages\/240","targetHints":{"allow":["GET"]}}],"collection":[{"href":"https:\/\/www.mdrhformation.fr\/index.php?rest_route=\/wp\/v2\/pages"}],"about":[{"href":"https:\/\/www.mdrhformation.fr\/index.php?rest_route=\/wp\/v2\/types\/page"}],"author":[{"embeddable":true,"href":"https:\/\/www.mdrhformation.fr\/index.php?rest_route=\/wp\/v2\/users\/2"}],"replies":[{"embeddable":true,"href":"https:\/\/www.mdrhformation.fr\/index.php?rest_route=%2Fwp%2Fv2%2Fcomments&post=240"}],"version-history":[{"count":0,"href":"https:\/\/www.mdrhformation.fr\/index.php?rest_route=\/wp\/v2\/pages\/240\/revisions"}],"wp:attachment":[{"href":"https:\/\/www.mdrhformation.fr\/index.php?rest_route=%2Fwp%2Fv2%2Fmedia&parent=240"}],"curies":[{"name":"wp","href":"https:\/\/api.w.org\/{rel}","templated":true}]}}