{"id":3367,"date":"2024-02-02T18:04:05","date_gmt":"2024-02-02T17:04:05","guid":{"rendered":"https:\/\/www.mdrhformation.fr\/?page_id=3367"},"modified":"2024-02-23T17:47:08","modified_gmt":"2024-02-23T16:47:08","slug":"plaquette-commerciale","status":"publish","type":"page","link":"https:\/\/www.mdrhformation.fr\/?page_id=3367","title":{"rendered":"Plaquette commerciale"},"content":{"rendered":"<div style=\"min-height: 535px;; \" class=\"ub_image_slider swiper-container wp-block-ub-image-slider\" id=\"ub_image_slider_608632f4-8abc-4763-851d-6777acb83809\" data-swiper-data='{\"speed\":300,\"spaceBetween\":40,\"slidesPerView\":2,\"loop\":true,\"pagination\":{\"el\": \".swiper-pagination\" , \"type\": \"bullets\", \"clickable\":true},\"navigation\": {\"nextEl\": \".swiper-button-next\", \"prevEl\": \".swiper-button-prev\"}, \"keyboard\": { \"enabled\": true }, \"effect\": \"slide\",\"autoplay\":{\"delay\": 3000},\"simulateTouch\":false}'>\n            <div class=\"swiper-wrapper\"><figure class=\"swiper-slide\">\n                <img decoding=\"async\" data-src=\"https:\/\/www.mdrhformation.fr\/wp-content\/uploads\/2024\/02\/2-1.png\" alt=\"Mdrh formation - plaquette commerciale int\u00e9rieur\" style=\"height: 500px;; \" src=\"data:image\/svg+xml;base64,PHN2ZyB3aWR0aD0iMSIgaGVpZ2h0PSIxIiB4bWxucz0iaHR0cDovL3d3dy53My5vcmcvMjAwMC9zdmciPjwvc3ZnPg==\" class=\"lazyload\">\n                <figcaption class=\"ub_image_slider_image_caption\"><\/figcaption>\n            <\/figure><figure class=\"swiper-slide\">\n                <img decoding=\"async\" data-src=\"https:\/\/www.mdrhformation.fr\/wp-content\/uploads\/2024\/02\/1.png\" alt=\"Mdrh formation - plaquette commerciale ext\u00e9rieur\" style=\"--smush-placeholder-width: 4084px; --smush-placeholder-aspect-ratio: 4084\/2888;height: 500px;;\" src=\"data:image\/svg+xml;base64,PHN2ZyB3aWR0aD0iMSIgaGVpZ2h0PSIxIiB4bWxucz0iaHR0cDovL3d3dy53My5vcmcvMjAwMC9zdmciPjwvc3ZnPg==\" class=\"lazyload\">\n                <figcaption class=\"ub_image_slider_image_caption\"><\/figcaption>\n            <\/figure><\/div>\n            <div class=\"swiper-pagination\"><\/div>\n            <div class=\"swiper-button-prev\"><\/div> <div class=\"swiper-button-next\"><\/div>\n        <\/div>\n\n\n<p class=\"has-colibri-color-5-background-color has-background\"><\/p>\n\n\n\n<div class=\"wp-block-buttons has-custom-font-size has-large-font-size is-content-justification-center is-layout-flex wp-container-core-buttons-is-layout-16018d1d wp-block-buttons-is-layout-flex\">\n<div class=\"wp-block-button has-custom-width wp-block-button__width-100 has-custom-font-size has-medium-font-size\"><a class=\"wp-block-button__link has-colibri-color-5-color has-text-color has-background has-link-color wp-element-button\" href=\"https:\/\/www.mdrhformation.fr\/wp-content\/uploads\/2024\/02\/Vivez-la-formation-2.0.pdf\" style=\"background-color:#176063\" target=\"_blank\" rel=\"noreferrer noopener\">T\u00e9l\u00e9chargez en pdf<\/a><\/div>\n<\/div>\n\n\n\n<p><\/p>\n\n\n\n<div id=\"section-gcefa3d\" class=\"wp-block-gutentor-e6 section-gcefa3d gutentor-element gutentor-element-image text-align-center-desktop\"><div class=\"gutentor-element-image-box\"><a class=\"gutentor-element-image-link\" href=\"https:\/\/www.mdrhformation.fr\/?page_id=202(ouvre un nouvel onglet)\" target=\"_blank\" rel=\"noopener noreferrer\"><div class=\"gutentor-image-thumb\"><img decoding=\"async\" class=\"normal-image lazyload\" data-src=\"https:\/\/www.mdrhformation.fr\/wp-content\/uploads\/2024\/02\/contact2.gif\" src=\"data:image\/svg+xml;base64,PHN2ZyB3aWR0aD0iMSIgaGVpZ2h0PSIxIiB4bWxucz0iaHR0cDovL3d3dy53My5vcmcvMjAwMC9zdmciPjwvc3ZnPg==\" \/><\/div><\/a><\/div><\/div>\n\n\n<div class=\"is-default-size aligncenter wp-block-site-logo\"><a href=\"https:\/\/www.mdrhformation.fr\/\" class=\"custom-logo-link\" rel=\"home\"><img fetchpriority=\"high\" decoding=\"async\" width=\"1000\" height=\"1000\" src=\"https:\/\/www.mdrhformation.fr\/wp-content\/uploads\/2023\/02\/LOGO-nu.png\" class=\"custom-logo\" alt=\"Mdrh formation \" srcset=\"https:\/\/www.mdrhformation.fr\/wp-content\/uploads\/2023\/02\/LOGO-nu.png 1000w, https:\/\/www.mdrhformation.fr\/wp-content\/uploads\/2023\/02\/LOGO-nu-300x300.png 300w, https:\/\/www.mdrhformation.fr\/wp-content\/uploads\/2023\/02\/LOGO-nu-150x150.png 150w, https:\/\/www.mdrhformation.fr\/wp-content\/uploads\/2023\/02\/LOGO-nu-768x768.png 768w\" sizes=\"(max-width: 1000px) 100vw, 1000px\" \/><\/a><\/div>\n\n\n<ul class=\"wp-block-social-links aligncenter is-layout-flex wp-block-social-links-is-layout-flex\"><li class=\"wp-social-link wp-social-link-linkedin  wp-block-social-link\"><a href=\"https:\/\/www.linkedin.com\/company\/91672406\/admin\/\" class=\"wp-block-social-link-anchor\"><svg width=\"24\" height=\"24\" viewBox=\"0 0 24 24\" version=\"1.1\" xmlns=\"http:\/\/www.w3.org\/2000\/svg\" aria-hidden=\"true\" focusable=\"false\"><path d=\"M19.7,3H4.3C3.582,3,3,3.582,3,4.3v15.4C3,20.418,3.582,21,4.3,21h15.4c0.718,0,1.3-0.582,1.3-1.3V4.3 C21,3.582,20.418,3,19.7,3z M8.339,18.338H5.667v-8.59h2.672V18.338z M7.004,8.574c-0.857,0-1.549-0.694-1.549-1.548 c0-0.855,0.691-1.548,1.549-1.548c0.854,0,1.547,0.694,1.547,1.548C8.551,7.881,7.858,8.574,7.004,8.574z M18.339,18.338h-2.669 v-4.177c0-0.996-0.017-2.278-1.387-2.278c-1.389,0-1.601,1.086-1.601,2.206v4.249h-2.667v-8.59h2.559v1.174h0.037 c0.356-0.675,1.227-1.387,2.526-1.387c2.703,0,3.203,1.779,3.203,4.092V18.338z\"><\/path><\/svg><span class=\"wp-block-social-link-label screen-reader-text\">LinkedIn<\/span><\/a><\/li>\n\n<li class=\"wp-social-link wp-social-link-facebook  wp-block-social-link\"><a href=\"https:\/\/www.facebook.com\/Mdrhformation\" class=\"wp-block-social-link-anchor\"><svg width=\"24\" height=\"24\" viewBox=\"0 0 24 24\" version=\"1.1\" xmlns=\"http:\/\/www.w3.org\/2000\/svg\" aria-hidden=\"true\" focusable=\"false\"><path d=\"M12 2C6.5 2 2 6.5 2 12c0 5 3.7 9.1 8.4 9.9v-7H7.9V12h2.5V9.8c0-2.5 1.5-3.9 3.8-3.9 1.1 0 2.2.2 2.2.2v2.5h-1.3c-1.2 0-1.6.8-1.6 1.6V12h2.8l-.4 2.9h-2.3v7C18.3 21.1 22 17 22 12c0-5.5-4.5-10-10-10z\"><\/path><\/svg><span class=\"wp-block-social-link-label screen-reader-text\">Facebook<\/span><\/a><\/li><\/ul>\n\n\n\n<p class=\"has-text-align-center has-text-color has-link-color wp-elements-c5a5a74ba39cf2aefaac5a6390e27d54\" style=\"color:#176063\"><strong><a href=\"https:\/\/www.mdrhformation.fr\/?page_id=237(ouvre un nouvel onglet)\" target=\"_blank\" rel=\"noreferrer noopener\">CGV<\/a><\/strong>&nbsp;&#8211;&nbsp;<strong><a href=\"https:\/\/www.mdrhformation.fr\/wp-content\/uploads\/2024\/02\/V1_-AF-REGLEMENT-INTERIEUR-STAGIAIRE.pdf\" target=\"_blank\" rel=\"noreferrer noopener\">R\u00e8glement Int\u00e9rieur<\/a><\/strong>&nbsp;&#8211;&nbsp;<strong><a href=\"https:\/\/www.mdrhformation.fr\/?page_id=3(ouvre un nouvel onglet)\" target=\"_blank\" rel=\"noreferrer noopener\">Confidentialit\u00e9<\/a><\/strong>&nbsp;&#8211;&nbsp;<strong><a href=\"https:\/\/www.mdrhformation.fr\/?page_id=234(ouvre un nouvel onglet)\" target=\"_blank\" rel=\"noreferrer noopener\">Mentions L\u00e9gales<\/a><\/strong> &#8211; <strong><a href=\"https:\/\/www.mdrhformation.fr\/wp-content\/uploads\/2024\/02\/Charte-deontologique-MDRHFORMATION.pdf\">Charte d\u00e9ontologique Mdrh Formation<\/a><\/strong> &#8211; <strong><a href=\"https:\/\/www.mdrhformation.fr\/wp-content\/uploads\/2024\/02\/Design-sans-titre.png\">Cer<\/a><a href=\"https:\/\/www.mdrhformation.fr\/wp-content\/uploads\/2024\/02\/Design-sans-titre.png\" target=\"_blank\" rel=\"noreferrer noopener\">tification Qualiopi<\/a><\/strong><\/p>\n","protected":false},"excerpt":{"rendered":"<p>CGV&nbsp;&#8211;&nbsp;R\u00e8glement Int\u00e9rieur&nbsp;&#8211;&nbsp;Confidentialit\u00e9&nbsp;&#8211;&nbsp;Mentions L\u00e9gales &#8211; Charte d\u00e9ontologique Mdrh Formation &#8211; Certification Qualiopi<\/p>\n","protected":false},"author":2,"featured_media":0,"parent":0,"menu_order":0,"comment_status":"closed","ping_status":"closed","template":"","meta":{"_eb_attr":"","_uag_custom_page_level_css":"","advgb_blocks_editor_width":"","advgb_blocks_columns_visual_guide":"","_themeisle_gutenberg_block_has_review":false,"footnotes":""},"class_list":["post-3367","page","type-page","status-publish","hentry"],"featured_image_src":null,"yoast_head":"<!-- This site is optimized with the Yoast SEO plugin v27.3 - https:\/\/yoast.com\/product\/yoast-seo-wordpress\/ -->\n<title>Plaquette commerciale - Mdrh formation<\/title>\n<meta name=\"robots\" content=\"index, follow, max-snippet:-1, max-image-preview:large, max-video-preview:-1\" \/>\n<link rel=\"canonical\" href=\"https:\/\/www.mdrhformation.fr\/?page_id=3367\" \/>\n<meta property=\"og:locale\" content=\"fr_FR\" \/>\n<meta property=\"og:type\" content=\"article\" \/>\n<meta property=\"og:title\" content=\"Plaquette commerciale - Mdrh formation\" \/>\n<meta property=\"og:description\" content=\"CGV&nbsp;&#8211;&nbsp;R\u00e8glement Int\u00e9rieur&nbsp;&#8211;&nbsp;Confidentialit\u00e9&nbsp;&#8211;&nbsp;Mentions L\u00e9gales &#8211; Charte d\u00e9ontologique Mdrh Formation &#8211; Certification Qualiopi\" \/>\n<meta property=\"og:url\" content=\"https:\/\/www.mdrhformation.fr\/?page_id=3367\" \/>\n<meta property=\"og:site_name\" content=\"Mdrh formation\" \/>\n<meta property=\"article:modified_time\" content=\"2024-02-23T16:47:08+00:00\" \/>\n<meta property=\"og:image\" content=\"https:\/\/www.mdrhformation.fr\/wp-content\/uploads\/2024\/02\/contact2.gif\" \/>\n<meta name=\"twitter:card\" content=\"summary_large_image\" \/>\n<meta name=\"twitter:label1\" content=\"Dur\u00e9e de lecture estim\u00e9e\" \/>\n\t<meta name=\"twitter:data1\" content=\"1 minute\" \/>\n<script type=\"application\/ld+json\" class=\"yoast-schema-graph\">{\"@context\":\"https:\\\/\\\/schema.org\",\"@graph\":[{\"@type\":\"WebPage\",\"@id\":\"https:\\\/\\\/www.mdrhformation.fr\\\/?page_id=3367\",\"url\":\"https:\\\/\\\/www.mdrhformation.fr\\\/?page_id=3367\",\"name\":\"Plaquette commerciale - Mdrh formation\",\"isPartOf\":{\"@id\":\"https:\\\/\\\/www.mdrhformation.fr\\\/#website\"},\"primaryImageOfPage\":{\"@id\":\"https:\\\/\\\/www.mdrhformation.fr\\\/?page_id=3367#primaryimage\"},\"image\":{\"@id\":\"https:\\\/\\\/www.mdrhformation.fr\\\/?page_id=3367#primaryimage\"},\"thumbnailUrl\":\"https:\\\/\\\/www.mdrhformation.fr\\\/wp-content\\\/uploads\\\/2024\\\/02\\\/contact2.gif\",\"datePublished\":\"2024-02-02T17:04:05+00:00\",\"dateModified\":\"2024-02-23T16:47:08+00:00\",\"breadcrumb\":{\"@id\":\"https:\\\/\\\/www.mdrhformation.fr\\\/?page_id=3367#breadcrumb\"},\"inLanguage\":\"fr-FR\",\"potentialAction\":[{\"@type\":\"ReadAction\",\"target\":[\"https:\\\/\\\/www.mdrhformation.fr\\\/?page_id=3367\"]}]},{\"@type\":\"ImageObject\",\"inLanguage\":\"fr-FR\",\"@id\":\"https:\\\/\\\/www.mdrhformation.fr\\\/?page_id=3367#primaryimage\",\"url\":\"\",\"contentUrl\":\"\"},{\"@type\":\"BreadcrumbList\",\"@id\":\"https:\\\/\\\/www.mdrhformation.fr\\\/?page_id=3367#breadcrumb\",\"itemListElement\":[{\"@type\":\"ListItem\",\"position\":1,\"name\":\"Accueil\",\"item\":\"https:\\\/\\\/www.mdrhformation.fr\\\/\"},{\"@type\":\"ListItem\",\"position\":2,\"name\":\"Plaquette commerciale\"}]},{\"@type\":\"WebSite\",\"@id\":\"https:\\\/\\\/www.mdrhformation.fr\\\/#website\",\"url\":\"https:\\\/\\\/www.mdrhformation.fr\\\/\",\"name\":\"www.mdrhformation.fr\",\"description\":\"L&#039;innovation au c\u0153ur de la formation\",\"publisher\":{\"@id\":\"https:\\\/\\\/www.mdrhformation.fr\\\/#organization\"},\"potentialAction\":[{\"@type\":\"SearchAction\",\"target\":{\"@type\":\"EntryPoint\",\"urlTemplate\":\"https:\\\/\\\/www.mdrhformation.fr\\\/?s={search_term_string}\"},\"query-input\":{\"@type\":\"PropertyValueSpecification\",\"valueRequired\":true,\"valueName\":\"search_term_string\"}}],\"inLanguage\":\"fr-FR\"},{\"@type\":\"Organization\",\"@id\":\"https:\\\/\\\/www.mdrhformation.fr\\\/#organization\",\"name\":\"mdrh formation\",\"url\":\"https:\\\/\\\/www.mdrhformation.fr\\\/\",\"logo\":{\"@type\":\"ImageObject\",\"inLanguage\":\"fr-FR\",\"@id\":\"https:\\\/\\\/www.mdrhformation.fr\\\/#\\\/schema\\\/logo\\\/image\\\/\",\"url\":\"https:\\\/\\\/www.mdrhformation.fr\\\/wp-content\\\/uploads\\\/2023\\\/02\\\/LOGO-nu.png\",\"contentUrl\":\"https:\\\/\\\/www.mdrhformation.fr\\\/wp-content\\\/uploads\\\/2023\\\/02\\\/LOGO-nu.png\",\"width\":1000,\"height\":1000,\"caption\":\"mdrh formation\"},\"image\":{\"@id\":\"https:\\\/\\\/www.mdrhformation.fr\\\/#\\\/schema\\\/logo\\\/image\\\/\"},\"sameAs\":[\"https:\\\/\\\/www.linkedin.com\\\/company\\\/mdrh-formation\\\/?viewAsMember=true\"]}]}<\/script>\n<!-- \/ Yoast SEO plugin. -->","yoast_head_json":{"title":"Plaquette commerciale - Mdrh formation","robots":{"index":"index","follow":"follow","max-snippet":"max-snippet:-1","max-image-preview":"max-image-preview:large","max-video-preview":"max-video-preview:-1"},"canonical":"https:\/\/www.mdrhformation.fr\/?page_id=3367","og_locale":"fr_FR","og_type":"article","og_title":"Plaquette commerciale - Mdrh formation","og_description":"CGV&nbsp;&#8211;&nbsp;R\u00e8glement Int\u00e9rieur&nbsp;&#8211;&nbsp;Confidentialit\u00e9&nbsp;&#8211;&nbsp;Mentions L\u00e9gales &#8211; Charte d\u00e9ontologique Mdrh Formation &#8211; Certification Qualiopi","og_url":"https:\/\/www.mdrhformation.fr\/?page_id=3367","og_site_name":"Mdrh formation","article_modified_time":"2024-02-23T16:47:08+00:00","og_image":[{"url":"https:\/\/www.mdrhformation.fr\/wp-content\/uploads\/2024\/02\/contact2.gif","type":"","width":"","height":""}],"twitter_card":"summary_large_image","twitter_misc":{"Dur\u00e9e de lecture estim\u00e9e":"1 minute"},"schema":{"@context":"https:\/\/schema.org","@graph":[{"@type":"WebPage","@id":"https:\/\/www.mdrhformation.fr\/?page_id=3367","url":"https:\/\/www.mdrhformation.fr\/?page_id=3367","name":"Plaquette commerciale - Mdrh formation","isPartOf":{"@id":"https:\/\/www.mdrhformation.fr\/#website"},"primaryImageOfPage":{"@id":"https:\/\/www.mdrhformation.fr\/?page_id=3367#primaryimage"},"image":{"@id":"https:\/\/www.mdrhformation.fr\/?page_id=3367#primaryimage"},"thumbnailUrl":"https:\/\/www.mdrhformation.fr\/wp-content\/uploads\/2024\/02\/contact2.gif","datePublished":"2024-02-02T17:04:05+00:00","dateModified":"2024-02-23T16:47:08+00:00","breadcrumb":{"@id":"https:\/\/www.mdrhformation.fr\/?page_id=3367#breadcrumb"},"inLanguage":"fr-FR","potentialAction":[{"@type":"ReadAction","target":["https:\/\/www.mdrhformation.fr\/?page_id=3367"]}]},{"@type":"ImageObject","inLanguage":"fr-FR","@id":"https:\/\/www.mdrhformation.fr\/?page_id=3367#primaryimage","url":"","contentUrl":""},{"@type":"BreadcrumbList","@id":"https:\/\/www.mdrhformation.fr\/?page_id=3367#breadcrumb","itemListElement":[{"@type":"ListItem","position":1,"name":"Accueil","item":"https:\/\/www.mdrhformation.fr\/"},{"@type":"ListItem","position":2,"name":"Plaquette commerciale"}]},{"@type":"WebSite","@id":"https:\/\/www.mdrhformation.fr\/#website","url":"https:\/\/www.mdrhformation.fr\/","name":"www.mdrhformation.fr","description":"L&#039;innovation au c\u0153ur de la formation","publisher":{"@id":"https:\/\/www.mdrhformation.fr\/#organization"},"potentialAction":[{"@type":"SearchAction","target":{"@type":"EntryPoint","urlTemplate":"https:\/\/www.mdrhformation.fr\/?s={search_term_string}"},"query-input":{"@type":"PropertyValueSpecification","valueRequired":true,"valueName":"search_term_string"}}],"inLanguage":"fr-FR"},{"@type":"Organization","@id":"https:\/\/www.mdrhformation.fr\/#organization","name":"mdrh formation","url":"https:\/\/www.mdrhformation.fr\/","logo":{"@type":"ImageObject","inLanguage":"fr-FR","@id":"https:\/\/www.mdrhformation.fr\/#\/schema\/logo\/image\/","url":"https:\/\/www.mdrhformation.fr\/wp-content\/uploads\/2023\/02\/LOGO-nu.png","contentUrl":"https:\/\/www.mdrhformation.fr\/wp-content\/uploads\/2023\/02\/LOGO-nu.png","width":1000,"height":1000,"caption":"mdrh formation"},"image":{"@id":"https:\/\/www.mdrhformation.fr\/#\/schema\/logo\/image\/"},"sameAs":["https:\/\/www.linkedin.com\/company\/mdrh-formation\/?viewAsMember=true"]}]}},"uagb_featured_image_src":{"full":false,"thumbnail":false,"medium":false,"medium_large":false,"large":false,"RoboGalleryMansoryImagesCenter":false,"RoboGalleryPreload":false,"1536x1536":false,"2048x2048":false,"wptouch-new-thumbnail":false},"uagb_author_info":{"display_name":"mdrhformation@ddsama.fr","author_link":"https:\/\/www.mdrhformation.fr\/?author=2"},"uagb_comment_info":0,"uagb_excerpt":"CGV&nbsp;&#8211;&nbsp;R\u00e8glement Int\u00e9rieur&nbsp;&#8211;&nbsp;Confidentialit\u00e9&nbsp;&#8211;&nbsp;Mentions L\u00e9gales &#8211; Charte d\u00e9ontologique Mdrh Formation &#8211; Certification Qualiopi","coauthors":[],"author_meta":{"author_link":"https:\/\/www.mdrhformation.fr\/?author=2","display_name":"mdrhformation@ddsama.fr"},"relative_dates":{"created":"Publi\u00e9 2 ans il y a","modified":"Mis \u00e0 jour 2 ans il y a"},"absolute_dates":{"created":"Publi\u00e9 le 2 f\u00e9vrier 2024","modified":"Mise \u00e0 jour le 23 f\u00e9vrier 2024"},"absolute_dates_time":{"created":"Publi\u00e9 le 2 f\u00e9vrier 2024 18h04","modified":"Mise \u00e0 jour le 23 f\u00e9vrier 2024 17h47"},"featured_img_caption":"","featured_img":false,"series_order":"","_links":{"self":[{"href":"https:\/\/www.mdrhformation.fr\/index.php?rest_route=\/wp\/v2\/pages\/3367","targetHints":{"allow":["GET"]}}],"collection":[{"href":"https:\/\/www.mdrhformation.fr\/index.php?rest_route=\/wp\/v2\/pages"}],"about":[{"href":"https:\/\/www.mdrhformation.fr\/index.php?rest_route=\/wp\/v2\/types\/page"}],"author":[{"embeddable":true,"href":"https:\/\/www.mdrhformation.fr\/index.php?rest_route=\/wp\/v2\/users\/2"}],"replies":[{"embeddable":true,"href":"https:\/\/www.mdrhformation.fr\/index.php?rest_route=%2Fwp%2Fv2%2Fcomments&post=3367"}],"version-history":[{"count":0,"href":"https:\/\/www.mdrhformation.fr\/index.php?rest_route=\/wp\/v2\/pages\/3367\/revisions"}],"wp:attachment":[{"href":"https:\/\/www.mdrhformation.fr\/index.php?rest_route=%2Fwp%2Fv2%2Fmedia&parent=3367"}],"curies":[{"name":"wp","href":"https:\/\/api.w.org\/{rel}","templated":true}]}}